{"id":561,"date":"2022-03-29T16:20:42","date_gmt":"2022-03-29T14:20:42","guid":{"rendered":"https:\/\/wissmann-verwr.mohrsiebeck.com\/index.php\/home\/menuepunkt-4-copy\/"},"modified":"2023-09-20T15:30:33","modified_gmt":"2023-09-20T13:30:33","slug":"ueber-den-autor","status":"publish","type":"page","link":"https:\/\/wissmann-verwr.mohrsiebeck.com\/index.php\/ueber-den-autor\/","title":{"rendered":"\u00dcber den Autor"},"content":{"rendered":"<section class=\"anchor\">\n\t<article>\t\n\t\t<a id=\"\"  tabindex=\"-1\"><\/a>\n\t\t<h2>\u00dcber den Autor<\/h2>\n\t<\/article>\n<\/section>\n\n\n<section class=\"textblock \">\n\t<article class=\"\">\n\t\t<div>\n\t\t\t<p><strong>Hinnerk Wi\u00dfmann<\/strong>, geboren 1971; Studium der Rechtswissenschaften in G\u00f6ttingen, Hannover und Freiburg; 2001 Promotion, 2007 Habilitation; Inhaber des Lehrstuhls f\u00fcr \u00d6ffentliches Recht, Verwaltungswissenschaften, Kultur- und Religionsverfassungsrecht an der Universit\u00e4t M\u00fcnster; Gesch\u00e4ftsf\u00fchrender Direktor des Kommunalwissenschaftlichen Instituts (KWI).<\/p>\n<p>&nbsp;<\/p>\n<div>\n<p>&nbsp;<\/p>\n<\/div>\n\t\t<\/div>\n\t<\/article>\n<\/section>\n\n\n\n<p><\/p>\n","protected":false},"excerpt":{"rendered":"","protected":false},"author":2,"featured_media":0,"parent":0,"menu_order":0,"comment_status":"closed","ping_status":"closed","template":"","meta":{"_acf_changed":false,"footnotes":""},"class_list":["post-561","page","type-page","status-publish","hentry"],"acf":[],"_links":{"self":[{"href":"https:\/\/wissmann-verwr.mohrsiebeck.com\/index.php\/wp-json\/wp\/v2\/pages\/561","targetHints":{"allow":["GET"]}}],"collection":[{"href":"https:\/\/wissmann-verwr.mohrsiebeck.com\/index.php\/wp-json\/wp\/v2\/pages"}],"about":[{"href":"https:\/\/wissmann-verwr.mohrsiebeck.com\/index.php\/wp-json\/wp\/v2\/types\/page"}],"author":[{"embeddable":true,"href":"https:\/\/wissmann-verwr.mohrsiebeck.com\/index.php\/wp-json\/wp\/v2\/users\/2"}],"replies":[{"embeddable":true,"href":"https:\/\/wissmann-verwr.mohrsiebeck.com\/index.php\/wp-json\/wp\/v2\/comments?post=561"}],"version-history":[{"count":4,"href":"https:\/\/wissmann-verwr.mohrsiebeck.com\/index.php\/wp-json\/wp\/v2\/pages\/561\/revisions"}],"predecessor-version":[{"id":958,"href":"https:\/\/wissmann-verwr.mohrsiebeck.com\/index.php\/wp-json\/wp\/v2\/pages\/561\/revisions\/958"}],"wp:attachment":[{"href":"https:\/\/wissmann-verwr.mohrsiebeck.com\/index.php\/wp-json\/wp\/v2\/media?parent=561"}],"curies":[{"name":"wp","href":"https:\/\/api.w.org\/{rel}","templated":true}]}}