{"id":553,"date":"2022-03-29T16:17:10","date_gmt":"2022-03-29T14:17:10","guid":{"rendered":"https:\/\/wissmann-verwr.mohrsiebeck.com\/index.php\/home\/menuepunkt-4-copy\/"},"modified":"2025-03-18T11:39:38","modified_gmt":"2025-03-18T10:39:38","slug":"menuepunkt-2","status":"publish","type":"page","link":"https:\/\/wissmann-verwr.mohrsiebeck.com\/index.php\/menuepunkt-2\/","title":{"rendered":"\u00dcbungs- und Arbeitsmaterial"},"content":{"rendered":"<section class=\"textblock \">\n\t<article class=\"\">\n\t\t<div>\n\t\t\t<p>Als Zusatzmaterial stehen im Folgenden zu einzelnen Begriffen und Themen des Verwaltungsrechts Artikel zur Verf\u00fcgung, die \u201evon Studierenden f\u00fcr Studierende\u201c das Lernen mit dem Lehrbuch erg\u00e4nzen sollen. Hier werden klausurtypische Inhalte leicht verst\u00e4ndlich und mit Beispielen und Schemata erkl\u00e4rt. Diese Lernhilfen wurden am Kommunalwissenschaftlichen Institut der Universit\u00e4t M\u00fcnster (Gesch\u00e4ftsf\u00fchrender Direktor: Prof. Dr. Hinnerk Wi\u00dfmann) von Studentischen Hilfskr\u00e4ften unter Koordinierung von Maren Eilers verfasst.<\/p>\n<p>&nbsp;<\/p>\n<p>F\u00fcr Hinweise, Erg\u00e4nzungen und Vorschl\u00e4ge zu weiteren Schlagwortartikeln k\u00f6nnen Sie sich gerne an die Mailadresse <a href=\"mailto:kwi@uni-muenster.de\">kwi@uni-muenster.de<\/a> wenden.<\/p>\n<p>&nbsp;<\/p>\n<p><strong>Zu \u00a7 1:\u00a0<\/strong><\/p>\n<p><em>Maren Eilers:<\/em> <a href=\"https:\/\/wissmann-verwr.mohrsiebeck.com\/wp-content\/uploads\/2024\/10\/RechtsbegriffOeffVerw.pdf\">Der Rechtsbegriff der \u00d6ffentlichen Verwaltung<\/a><\/p>\n<p>&nbsp;<\/p>\n<p><strong>Zu \u00a7 2:<\/strong><\/p>\n<p><em>Sandro Plenker:<\/em> <a href=\"https:\/\/wissmann-verwr.mohrsiebeck.com\/wp-content\/uploads\/2024\/11\/VorbehaltDesGesetzes.pdf\">Der Vorbehalt des Gesetzes<\/a><\/p>\n<p><em>Sandro Plenker:<\/em> <a href=\"https:\/\/wissmann-verwr.mohrsiebeck.com\/wp-content\/uploads\/2024\/11\/Subjektiv-oefftlRechte.pdf\">Subjektiv-\u00f6ffentliche Rechte<\/a><\/p>\n<p>&nbsp;<\/p>\n<p><strong>Zu \u00a7 4:\u00a0<\/strong><\/p>\n<p><em>Damian Peter:\u00a0<\/em><a href=\"https:\/\/wissmann-verwr.mohrsiebeck.com\/wp-content\/uploads\/2025\/03\/Ermessen-der-Verwaltung.pdf\">Ermessen der Verwaltung<\/a><\/p>\n<p><em>Damian Peter:<\/em>\u00a0<a href=\"https:\/\/wissmann-verwr.mohrsiebeck.com\/wp-content\/uploads\/2025\/03\/Ermessensfehler.pdf\">Ermessensfehler<\/a><\/p>\n<p><em>Damian Peter:<\/em> <a href=\"https:\/\/wissmann-verwr.mohrsiebeck.com\/wp-content\/uploads\/2025\/03\/Unbestimmte-Rechtsbegriffe.pdf\">Unbestimmte Rechtsbegriffe<\/a><\/p>\n<p>&nbsp;<\/p>\n<p><strong>Zu \u00a7 7:\u00a0<\/strong><\/p>\n<p><em>Emma Teske:<\/em> <a href=\"https:\/\/wissmann-verwr.mohrsiebeck.com\/wp-content\/uploads\/2024\/10\/MerkmaleVerwaltungsakt.pdf\">Die gesetzlich bestimmten Merkmale des Verwaltungsakts<\/a><\/p>\n<p>&nbsp;<\/p>\n<p><strong>Zu \u00a7 8:\u00a0<\/strong><\/p>\n<p><em>Sandro Plenker:<\/em> <a href=\"https:\/\/wissmann-verwr.mohrsiebeck.com\/wp-content\/uploads\/2024\/11\/RechtmaessigkeitOeffRVertrag.pdf\">Die Rechtm\u00e4\u00dfigkeit eines \u00f6ffentlich-rechtlichen Vertrages<\/a><\/p>\n<p><em>Sandro Plenker:<\/em> <a href=\"https:\/\/wissmann-verwr.mohrsiebeck.com\/wp-content\/uploads\/2024\/11\/FehlerfolgenOeRVertrag.pdf\">Die Fehlerfolgen bei \u00f6ffentlich-rechtlichen Vertr\u00e4gen<\/a><\/p>\n<p>&nbsp;<\/p>\n<p><strong>Zu \u00a7 10:\u00a0<\/strong><\/p>\n<p><em>Damian Peter: <\/em><a href=\"https:\/\/wissmann-verwr.mohrsiebeck.com\/wp-content\/uploads\/2025\/03\/Rechtsverordnungen.pdf\">Rechtsverordnungen<\/a><\/p>\n<p><em>Damian Peter: <\/em><a href=\"https:\/\/wissmann-verwr.mohrsiebeck.com\/wp-content\/uploads\/2025\/03\/Gleichmaessigkeit-der-Verwaltung-durch-Verwaltungsvorschriften.pdf\">Gleichm\u00e4\u00dfigkeit der Verwaltung durch Verwaltungsvorschriften<\/a><\/p>\n<p>&nbsp;<\/p>\n<p><strong>Zu \u00a7 13:\u00a0<\/strong><\/p>\n<p><em>Emma Teske:<\/em> <a href=\"https:\/\/wissmann-verwr.mohrsiebeck.com\/wp-content\/uploads\/2025\/03\/Amtshaftungsanspruch.pdf\">Amtshaftung<\/a><\/p>\n<p><em>Emma Teske:<\/em>\u00a0<a href=\"https:\/\/wissmann-verwr.mohrsiebeck.com\/wp-content\/uploads\/2025\/03\/Folgenbeseitigungsanspruch.pdf\">Folgenbeseitigungsanspruch<\/a><\/p>\n\t\t<\/div>\n\t<\/article>\n<\/section>\n\n\n\n<p><\/p>\n","protected":false},"excerpt":{"rendered":"","protected":false},"author":2,"featured_media":0,"parent":0,"menu_order":3,"comment_status":"closed","ping_status":"closed","template":"","meta":{"_acf_changed":false,"footnotes":""},"class_list":["post-553","page","type-page","status-publish","hentry"],"acf":[],"_links":{"self":[{"href":"https:\/\/wissmann-verwr.mohrsiebeck.com\/index.php\/wp-json\/wp\/v2\/pages\/553","targetHints":{"allow":["GET"]}}],"collection":[{"href":"https:\/\/wissmann-verwr.mohrsiebeck.com\/index.php\/wp-json\/wp\/v2\/pages"}],"about":[{"href":"https:\/\/wissmann-verwr.mohrsiebeck.com\/index.php\/wp-json\/wp\/v2\/types\/page"}],"author":[{"embeddable":true,"href":"https:\/\/wissmann-verwr.mohrsiebeck.com\/index.php\/wp-json\/wp\/v2\/users\/2"}],"replies":[{"embeddable":true,"href":"https:\/\/wissmann-verwr.mohrsiebeck.com\/index.php\/wp-json\/wp\/v2\/comments?post=553"}],"version-history":[{"count":37,"href":"https:\/\/wissmann-verwr.mohrsiebeck.com\/index.php\/wp-json\/wp\/v2\/pages\/553\/revisions"}],"predecessor-version":[{"id":1227,"href":"https:\/\/wissmann-verwr.mohrsiebeck.com\/index.php\/wp-json\/wp\/v2\/pages\/553\/revisions\/1227"}],"wp:attachment":[{"href":"https:\/\/wissmann-verwr.mohrsiebeck.com\/index.php\/wp-json\/wp\/v2\/media?parent=553"}],"curies":[{"name":"wp","href":"https:\/\/api.w.org\/{rel}","templated":true}]}}