{"id":551,"date":"2022-03-29T16:16:16","date_gmt":"2022-03-29T14:16:16","guid":{"rendered":"https:\/\/wissmann-verwr.mohrsiebeck.com\/index.php\/home\/menuepunkt-3-copy\/"},"modified":"2025-06-23T12:31:32","modified_gmt":"2025-06-23T10:31:32","slug":"menuepunkt-1","status":"publish","type":"page","link":"https:\/\/wissmann-verwr.mohrsiebeck.com\/index.php\/menuepunkt-1\/","title":{"rendered":"Musterl\u00f6sungen"},"content":{"rendered":"<section class=\"anchor\">\n\t<article>\t\n\t\t<a id=\"\"  tabindex=\"-1\"><\/a>\n\t\t<h2>\u00dcbersicht 3 \u2013  Studium des Verwaltungsrechts und Fallbearbeitung (Rn. 44)<\/h2>\n\t<\/article>\n<\/section>\n\n\n<section class=\"textblock \">\n\t<article class=\"\">\n\t\t<div>\n\t\t\t<p><a href=\"https:\/\/wissmann-verwr.mohrsiebeck.com\/wp-content\/uploads\/2023\/09\/Ue3F1SL.pdf\">\u00dcbersicht 3 Grundfall Sachverhalt und L\u00f6sung<\/a><\/p>\n\t\t<\/div>\n\t<\/article>\n<\/section>\n\n\n<section class=\"anchor\">\n\t<article>\t\n\t\t<a id=\"\"  tabindex=\"-1\"><\/a>\n\t\t<h2>\u00dcbersicht 5 \u2013 Akteursbezogene Sachentscheidungsvoraussetzungen bei verwaltungsgerichtlichen Klagen (Rn. 95)<\/h2>\n\t<\/article>\n<\/section>\n\n\n<section class=\"textblock \">\n\t<article class=\"\">\n\t\t<div>\n\t\t\t<p><a href=\"https:\/\/wissmann-verwr.mohrsiebeck.com\/wp-content\/uploads\/2023\/09\/Ue5F1S.pdf\">Sachverhalt \u00dcbersicht 5 \u00dcbungsfall<\/a><\/p>\n<p><a href=\"https:\/\/wissmann-verwr.mohrsiebeck.com\/wp-content\/uploads\/2023\/09\/Ue5F1L.pdf\">L\u00f6sung \u00dcbersicht 5 \u00dcbungsfall<\/a><\/p>\n\t\t<\/div>\n\t<\/article>\n<\/section>\n\n\n<section class=\"anchor\">\n\t<article>\t\n\t\t<a id=\"\"  tabindex=\"-1\"><\/a>\n\t\t<h2>\u00dcbersicht 6 \u2013 Ordnungsmuster des Verwaltungsrechts (Rn. 139)<\/h2>\n\t<\/article>\n<\/section>\n\n\n<section class=\"textblock \">\n\t<article class=\"\">\n\t\t<div>\n\t\t\t<p><a href=\"https:\/\/wissmann-verwr.mohrsiebeck.com\/wp-content\/uploads\/2023\/09\/Ue6F1S.pdf\">Sachverhalt \u00dcbersicht 6 \u00dcbungsfall<\/a><\/p>\n<p><a href=\"https:\/\/wissmann-verwr.mohrsiebeck.com\/wp-content\/uploads\/2023\/09\/Ue6F1L.pdf\">L\u00f6sung \u00dcbersicht 6 \u00dcbungsfall<\/a><\/p>\n\t\t<\/div>\n\t<\/article>\n<\/section>\n\n\n<section class=\"anchor\">\n\t<article>\t\n\t\t<a id=\"\"  tabindex=\"-1\"><\/a>\n\t\t<h2>\u00dcbersicht 7 \u2013 Klage gegen Verbote \u2013 Anspr\u00fcche auf Leistungen: Der subjektiv-rechtliche Grundcharakter des Rechtsschutzsystems (Rn. 183)<\/h2>\n\t<\/article>\n<\/section>\n\n\n<section class=\"textblock \">\n\t<article class=\"\">\n\t\t<div>\n\t\t\t<p><a href=\"https:\/\/wissmann-verwr.mohrsiebeck.com\/wp-content\/uploads\/2023\/10\/U\u03087F1S.pdf\">Sachverhalt \u00dcbersicht 7 \u00dcbungsfall 1<\/a><\/p>\n<p><a href=\"https:\/\/wissmann-verwr.mohrsiebeck.com\/wp-content\/uploads\/2023\/10\/U\u03087F1L.pdf\">L\u00f6sung \u00dcbersicht 7 \u00dcbungsfall 1<\/a><\/p>\n<p><a href=\"https:\/\/wissmann-verwr.mohrsiebeck.com\/wp-content\/uploads\/2023\/10\/U\u03087F2S.pdf\">Sachverhalt \u00dcbersicht 7 \u00dcbungsfall 2<\/a><\/p>\n<p><a href=\"https:\/\/wissmann-verwr.mohrsiebeck.com\/wp-content\/uploads\/2023\/10\/U\u03087F2L.pdf\">L\u00f6sung \u00dcbersicht 7 \u00dcbungsfall 2<\/a><\/p>\n\t\t<\/div>\n\t<\/article>\n<\/section>\n\n\n<section class=\"anchor\">\n\t<article>\t\n\t\t<a id=\"\"  tabindex=\"-1\"><\/a>\n\t\t<h2>\u00dcbersicht 8 \u2013 Eigenst\u00e4ndigkeit der Verwaltung (Rn. 203)<\/h2>\n\t<\/article>\n<\/section>\n\n\n<section class=\"textblock \">\n\t<article class=\"\">\n\t\t<div>\n\t\t\t<p><a href=\"https:\/\/wissmann-verwr.mohrsiebeck.com\/wp-content\/uploads\/2023\/09\/Ue8F1S.pdf\">Sachverhalt \u00dcbersicht 8 \u00dcbungsfall\u00a0<\/a><\/p>\n<p><a href=\"https:\/\/wissmann-verwr.mohrsiebeck.com\/wp-content\/uploads\/2023\/10\/Ue8F1L.pdf\">L\u00f6sung \u00dcbersicht 8 \u00dcbungsfall<\/a><\/p>\n<p><a href=\"https:\/\/wissmann-verwr.mohrsiebeck.com\/wp-content\/uploads\/2023\/09\/Ue8F2S.pdf\">Sachverhalt \u00dcbersicht 8 Vertiefungsfall<\/a><\/p>\n<p><a href=\"https:\/\/wissmann-verwr.mohrsiebeck.com\/wp-content\/uploads\/2023\/09\/Ue8F2Loe.pdf\">L\u00f6sung \u00dcbersicht 8 Vertiefungsfall<\/a><\/p>\n\t\t<\/div>\n\t<\/article>\n<\/section>\n\n\n<section class=\"anchor\">\n\t<article>\t\n\t\t<a id=\"\"  tabindex=\"-1\"><\/a>\n\t\t<h2>\u00dcbersicht 9 \u2013 Organisation der Verwaltung (Rn. 251)<\/h2>\n\t<\/article>\n<\/section>\n\n\n<section class=\"textblock \">\n\t<article class=\"\">\n\t\t<div>\n\t\t\t<p><a href=\"https:\/\/wissmann-verwr.mohrsiebeck.com\/wp-content\/uploads\/2023\/10\/U\u03089F1S.pdf\">Sachverhalt \u00dcbersicht 9 \u00dcbungsfall<\/a><\/p>\n<p><a href=\"https:\/\/wissmann-verwr.mohrsiebeck.com\/wp-content\/uploads\/2023\/10\/U\u03089F1L.pdf\">L\u00f6sung \u00dcbersicht 9 \u00dcbungsfall\u00a0<\/a><\/p>\n\t\t<\/div>\n\t<\/article>\n<\/section>\n\n\n<section class=\"anchor\">\n\t<article>\t\n\t\t<a id=\"\"  tabindex=\"-1\"><\/a>\n\t\t<h2>\u00dcbersicht 10 \u2013 \u00d6ffentliches Sachenrecht (Rn. 261)<\/h2>\n\t<\/article>\n<\/section>\n\n\n<section class=\"textblock \">\n\t<article class=\"\">\n\t\t<div>\n\t\t\t<p><a href=\"https:\/\/wissmann-verwr.mohrsiebeck.com\/wp-content\/uploads\/2023\/10\/U\u030810F1S.pdf\">Sachverhalt \u00dcbersicht 10 \u00dcbungsfall<\/a><\/p>\n<p><a href=\"https:\/\/wissmann-verwr.mohrsiebeck.com\/wp-content\/uploads\/2023\/10\/U\u030810F1L.pdf\">L\u00f6sung \u00dcbersicht 10 \u00dcbungsfall<\/a><\/p>\n<p><a href=\"https:\/\/wissmann-verwr.mohrsiebeck.com\/wp-content\/uploads\/2023\/10\/Ue10F2S.pdf\">Sachverhalt \u00dcbersicht 10 Vertiefungsfall<\/a><\/p>\n<p><a href=\"https:\/\/wissmann-verwr.mohrsiebeck.com\/wp-content\/uploads\/2023\/10\/Ue10F2L.pdf\">L\u00f6sung \u00dcbersicht 10 Vertiefungsfall<\/a><\/p>\n\t\t<\/div>\n\t<\/article>\n<\/section>\n\n\n<section class=\"anchor\">\n\t<article>\t\n\t\t<a id=\"\"  tabindex=\"-1\"><\/a>\n\t\t<h2>\u00dcbersicht 11 \u2013 Verwaltungsverfahren (Rn. 294)<\/h2>\n\t<\/article>\n<\/section>\n\n\n<section class=\"textblock \">\n\t<article class=\"\">\n\t\t<div>\n\t\t\t<p><a href=\"https:\/\/wissmann-verwr.mohrsiebeck.com\/wp-content\/uploads\/2023\/09\/Ue11F1S.pdf\">Sachverhalt \u00dcbersicht 11 Grundfall\u00a0<\/a><\/p>\n<p><a href=\"https:\/\/wissmann-verwr.mohrsiebeck.com\/wp-content\/uploads\/2023\/09\/Ue11F1L.pdf\">L\u00f6sung \u00dcbersicht 11 Grundfall<\/a><\/p>\n\t\t<\/div>\n\t<\/article>\n<\/section>\n\n\n<section class=\"anchor\">\n\t<article>\t\n\t\t<a id=\"\"  tabindex=\"-1\"><\/a>\n\t\t<h2>\u00dcbersicht 12 \u2013 Formalisierte Verwaltungsverfahren (Rn. 307)<\/h2>\n\t<\/article>\n<\/section>\n\n\n<section class=\"textblock \">\n\t<article class=\"\">\n\t\t<div>\n\t\t\t<p><a href=\"https:\/\/wissmann-verwr.mohrsiebeck.com\/wp-content\/uploads\/2023\/10\/Ue12F1S.pdf\">Sachverhalt \u00dcbersicht 12 \u00dcbungsfall<\/a><\/p>\n<p><a href=\"https:\/\/wissmann-verwr.mohrsiebeck.com\/wp-content\/uploads\/2023\/10\/Ue12F1L.pdf\">L\u00f6sung \u00dcbersicht 12 \u00dcbungsfall<\/a><\/p>\n\t\t<\/div>\n\t<\/article>\n<\/section>\n\n\n<section class=\"anchor\">\n\t<article>\t\n\t\t<a id=\"\"  tabindex=\"-1\"><\/a>\n\t\t<h2>\u00dcbersicht 13 \u2013 Die Merkmale des Verwaltungsakts (Rn. 329)<\/h2>\n\t<\/article>\n<\/section>\n\n\n<section class=\"textblock \">\n\t<article class=\"\">\n\t\t<div>\n\t\t\t<p><a href=\"https:\/\/wissmann-verwr.mohrsiebeck.com\/wp-content\/uploads\/2023\/09\/Ue13F1S.pdf\">Sachverhalt \u00dcbersicht 13 \u00dcbungsfall 1<\/a><\/p>\n<p><a href=\"https:\/\/wissmann-verwr.mohrsiebeck.com\/wp-content\/uploads\/2023\/09\/Ue13F1L.pdf\">L\u00f6sung \u00dcbersicht 13 \u00dcbungsfall 1<\/a><\/p>\n<p><a href=\"https:\/\/wissmann-verwr.mohrsiebeck.com\/wp-content\/uploads\/2023\/09\/Ue13F2S.pdf\">Sachverhalt \u00dcbersicht 13 \u00dcbungsfall 2<\/a><\/p>\n<p><a href=\"https:\/\/wissmann-verwr.mohrsiebeck.com\/wp-content\/uploads\/2023\/09\/Ue13F2L.pdf\">L\u00f6sung \u00dcbersicht 13 \u00dcbungsfall 2<\/a><\/p>\n<p><a href=\"https:\/\/wissmann-verwr.mohrsiebeck.com\/wp-content\/uploads\/2023\/09\/Ue13F3S.pdf\">Sachverhalt \u00dcbersicht 13 \u00dcbungsfall 3<\/a><\/p>\n<p><a href=\"https:\/\/wissmann-verwr.mohrsiebeck.com\/wp-content\/uploads\/2023\/09\/Ue13F3L.pdf\">L\u00f6sung \u00dcbersicht 13 \u00dcbungsfall 3<\/a><\/p>\n<p><a href=\"https:\/\/wissmann-verwr.mohrsiebeck.com\/wp-content\/uploads\/2023\/09\/Ue13F3L.pdf\">Sachverhalt \u00dcbersicht 13 \u00dcbungsfall 4<\/a><\/p>\n<p><a href=\"https:\/\/wissmann-verwr.mohrsiebeck.com\/wp-content\/uploads\/2023\/09\/Ue13F4L.pdf\">L\u00f6sung \u00dcbersicht 13 \u00dcbungsfall 4<\/a><\/p>\n<p><a href=\"https:\/\/wissmann-verwr.mohrsiebeck.com\/wp-content\/uploads\/2023\/09\/Ue13F5S.pdf\">Sachverhalt \u00dcbersicht 13 \u00dcbungsfall 5<\/a><\/p>\n<p><a href=\"https:\/\/wissmann-verwr.mohrsiebeck.com\/wp-content\/uploads\/2023\/10\/Ue13F5L.pdf\">L\u00f6sung \u00dcbersicht 13 \u00dcbungsfall 5<\/a><\/p>\n\t\t<\/div>\n\t<\/article>\n<\/section>\n\n\n<section class=\"anchor\">\n\t<article>\t\n\t\t<a id=\"\"  tabindex=\"-1\"><\/a>\n\t\t<h2>\u00dcbersicht 14 \u2013 Monats- und Jahresfristen der VwGO und des VwVfG (Rn. 340)<\/h2>\n\t<\/article>\n<\/section>\n\n\n<section class=\"textblock \">\n\t<article class=\"\">\n\t\t<div>\n\t\t\t<p><a href=\"https:\/\/wissmann-verwr.mohrsiebeck.com\/wp-content\/uploads\/2023\/09\/Ue14F1S.pdf\">Sachverhalt \u00dcbersicht 14 \u00dcbungsfall<\/a><\/p>\n<p><a href=\"https:\/\/wissmann-verwr.mohrsiebeck.com\/wp-content\/uploads\/2023\/09\/Ue14F1L.pdf\">L\u00f6sung \u00dcbersicht 14 \u00dcbungsfall<\/a><\/p>\n\t\t<\/div>\n\t<\/article>\n<\/section>\n\n\n<section class=\"anchor\">\n\t<article>\t\n\t\t<a id=\"\"  tabindex=\"-1\"><\/a>\n\t\t<h2>\u00dcbersicht 15 \u2013 Wirkungen eines VA (Rn. 350)<\/h2>\n\t<\/article>\n<\/section>\n\n\n<section class=\"textblock \">\n\t<article class=\"\">\n\t\t<div>\n\t\t\t<p><a href=\"https:\/\/wissmann-verwr.mohrsiebeck.com\/wp-content\/uploads\/2023\/09\/Ue15F1S.pdf\">Sachverhalt \u00dcbersicht 15 Grundfall<\/a><\/p>\n<p><a href=\"https:\/\/wissmann-verwr.mohrsiebeck.com\/wp-content\/uploads\/2023\/09\/Ue15F1L.pdf\">L\u00f6sung \u00dcbersicht 15 Grundfall<\/a><\/p>\n\t\t<\/div>\n\t<\/article>\n<\/section>\n\n\n<section class=\"anchor\">\n\t<article>\t\n\t\t<a id=\"\"  tabindex=\"-1\"><\/a>\n\t\t<h2>\u00dcbersicht 16 \u2013 Nebenbestimmungen zu Verwaltungsakten (Rn. 361)<\/h2>\n\t<\/article>\n<\/section>\n\n\n<section class=\"textblock \">\n\t<article class=\"\">\n\t\t<div>\n\t\t\t<p><a href=\"https:\/\/wissmann-verwr.mohrsiebeck.com\/wp-content\/uploads\/2023\/09\/Ue16F1S.pdf\">Sachverhalt \u00dcbersicht 16 Grundfall\u00a0<\/a><\/p>\n<p><a href=\"https:\/\/wissmann-verwr.mohrsiebeck.com\/wp-content\/uploads\/2023\/10\/Ue16F1L.pdf\">L\u00f6sung \u00dcbersicht 16 Grundfall\u00a0<\/a><\/p>\n<p><a href=\"https:\/\/wissmann-verwr.mohrsiebeck.com\/wp-content\/uploads\/2023\/10\/Ue16F2S.pdf\">Sachverhalt \u00dcbersicht 16 Vertiefungsfall<\/a><\/p>\n<p><a href=\"https:\/\/wissmann-verwr.mohrsiebeck.com\/wp-content\/uploads\/2023\/10\/Ue16F2L.pdf\">L\u00f6sung \u00dcbersicht 16 Vertiefungsfall<\/a><\/p>\n\t\t<\/div>\n\t<\/article>\n<\/section>\n\n\n<section class=\"anchor\">\n\t<article>\t\n\t\t<a id=\"\"  tabindex=\"-1\"><\/a>\n\t\t<h2>\u00dcbersicht 17 \u2013 Verwaltungsvertr\u00e4ge (Rn. 393)<\/h2>\n\t<\/article>\n<\/section>\n\n\n<section class=\"textblock \">\n\t<article class=\"\">\n\t\t<div>\n\t\t\t<p><a href=\"https:\/\/wissmann-verwr.mohrsiebeck.com\/wp-content\/uploads\/2023\/10\/Ue17F1S.pdf\">Sachverhalt \u00dcbersicht 17 \u00dcbungsfall<\/a><\/p>\n<p><a href=\"https:\/\/wissmann-verwr.mohrsiebeck.com\/wp-content\/uploads\/2023\/10\/Ue17F1L.pdf\">L\u00f6sung \u00dcbersicht 17 \u00dcbungsfall<\/a><\/p>\n\t\t<\/div>\n\t<\/article>\n<\/section>\n\n\n<section class=\"anchor\">\n\t<article>\t\n\t\t<a id=\"\"  tabindex=\"-1\"><\/a>\n\t\t<h2>\u00dcbersicht 18 \u2013 Informales Verwaltungshandeln (Rn. 428)<\/h2>\n\t<\/article>\n<\/section>\n\n\n<section class=\"textblock \">\n\t<article class=\"\">\n\t\t<div>\n\t\t\t<p><a href=\"https:\/\/wissmann-verwr.mohrsiebeck.com\/wp-content\/uploads\/2023\/10\/Ue18F1S.pdf\">Sachverhalt \u00dcbersicht 18 \u00dcbungsfall<\/a><\/p>\n<p><a href=\"https:\/\/wissmann-verwr.mohrsiebeck.com\/wp-content\/uploads\/2023\/10\/Ue18F1L.pdf\">L\u00f6sung \u00dcbersicht 18 \u00dcbungsfall<\/a><\/p>\n\t\t<\/div>\n\t<\/article>\n<\/section>\n\n\n<section class=\"anchor\">\n\t<article>\t\n\t\t<a id=\"\"  tabindex=\"-1\"><\/a>\n\t\t<h2>\u00dcbersicht 19 \u2013 Rechtsetzung durch die Verwaltung (Rn. 455)<\/h2>\n\t<\/article>\n<\/section>\n\n\n<section class=\"textblock \">\n\t<article class=\"\">\n\t\t<div>\n\t\t\t<p><a href=\"https:\/\/wissmann-verwr.mohrsiebeck.com\/wp-content\/uploads\/2023\/12\/Ue19F1S.pdf\">Sachverhalt \u00dcbersicht 19 \u00dcbungsfall (Grundfall &amp; Abwandlung)<\/a><\/p>\n<p><a href=\"https:\/\/wissmann-verwr.mohrsiebeck.com\/wp-content\/uploads\/2023\/12\/Ue19F1L.pdf\">L\u00f6sung \u00dcbersicht 19 \u00dcbungsfall (Grundfall &amp; Abwandlung)<\/a><\/p>\n\t\t<\/div>\n\t<\/article>\n<\/section>\n\n\n<section class=\"anchor\">\n\t<article>\t\n\t\t<a id=\"\"  tabindex=\"-1\"><\/a>\n\t\t<h2>\u00dcbersicht 20 \u2013 Verwaltungsvollstreckung und Eilrechtsschutz (Rn. 496)<\/h2>\n\t<\/article>\n<\/section>\n\n\n<section class=\"textblock \">\n\t<article class=\"\">\n\t\t<div>\n\t\t\t<p><a href=\"https:\/\/wissmann-verwr.mohrsiebeck.com\/wp-content\/uploads\/2023\/11\/Ue20F1S.pdf\">Sachverhalt \u00dcbersicht 20 \u00dcbungsfall<\/a><\/p>\n<p><a href=\"https:\/\/wissmann-verwr.mohrsiebeck.com\/wp-content\/uploads\/2023\/11\/Ue20F1L.pdf\">L\u00f6sung \u00dcbersicht 20 \u00dcbungsfall<\/a><\/p>\n<p><a href=\"https:\/\/wissmann-verwr.mohrsiebeck.com\/wp-content\/uploads\/2023\/11\/Ue20F2S.pdf\">Sachverhalt \u00dcbersicht 20 Vertiefungsfall<\/a><\/p>\n<p><a href=\"https:\/\/wissmann-verwr.mohrsiebeck.com\/wp-content\/uploads\/2023\/11\/Ue20F2L.pdf\">L\u00f6sung \u00dcbersicht 20 Vertiefungsfall<\/a><\/p>\n\t\t<\/div>\n\t<\/article>\n<\/section>\n\n\n<section class=\"anchor\">\n\t<article>\t\n\t\t<a id=\"\"  tabindex=\"-1\"><\/a>\n\t\t<h2>\u00dcbersicht 21 \u2013 Kontrolle der Verwaltung, insbesondere Widerspruchsverfahren, R\u00fccknahme und Widerruf (Rn. 546)<\/h2>\n\t<\/article>\n<\/section>\n\n\n<section class=\"textblock \">\n\t<article class=\"\">\n\t\t<div>\n\t\t\t<p><a href=\"https:\/\/wissmann-verwr.mohrsiebeck.com\/wp-content\/uploads\/2024\/01\/Ue21F1S.pdf\">Sachverhalt \u00dcbersicht 21 \u00dcbungsfall 1<\/a><\/p>\n<p><a href=\"https:\/\/wissmann-verwr.mohrsiebeck.com\/wp-content\/uploads\/2024\/01\/Ue21F1L.pdf\">L\u00f6sung \u00dcbersicht 21 \u00dcbungsfall 1<\/a><\/p>\n<p><a href=\"https:\/\/wissmann-verwr.mohrsiebeck.com\/wp-content\/uploads\/2023\/12\/Ue21F2S.pdf\">Sachverhalt \u00dcbersicht 21 \u00dcbungsfall 2\u00a0<\/a><\/p>\n<p><a href=\"https:\/\/wissmann-verwr.mohrsiebeck.com\/wp-content\/uploads\/2023\/12\/Ue21F2L.pdf\">L\u00f6sung \u00dcbersicht 21 \u00dcbungsfall 2<\/a><\/p>\n<p><a href=\"https:\/\/wissmann-verwr.mohrsiebeck.com\/wp-content\/uploads\/2023\/12\/Ue21F3S.pdf\">Sachverhalt \u00dcbersicht 21 Vertiefungsfall<\/a><\/p>\n<p><a href=\"https:\/\/wissmann-verwr.mohrsiebeck.com\/wp-content\/uploads\/2023\/12\/Ue21F3L.pdf\">L\u00f6sung \u00dcbersicht 21 Vertiefungsfall<\/a><\/p>\n\t\t<\/div>\n\t<\/article>\n<\/section>\n\n\n<section class=\"anchor\">\n\t<article>\t\n\t\t<a id=\"\"  tabindex=\"-1\"><\/a>\n\t\t<h2>\u00dcbersicht 22 \u2013 Verwaltungshaftung (Rn. 574)<\/h2>\n\t<\/article>\n<\/section>\n\n\n<section class=\"textblock \">\n\t<article class=\"\">\n\t\t<div>\n\t\t\t<p><a href=\"https:\/\/wissmann-verwr.mohrsiebeck.com\/wp-content\/uploads\/2023\/12\/Ue22F1S.pdf\">Sachverhalt \u00dcbersicht 22 \u00dcbungsfall (Grundfall &amp; Abwandlung)<\/a><\/p>\n<p><a href=\"https:\/\/wissmann-verwr.mohrsiebeck.com\/wp-content\/uploads\/2023\/12\/Ue22F1L.pdf\">L\u00f6sung \u00dcbersicht 22 \u00dcbungsfall (Grundfall &amp; Abwandlung)<\/a><\/p>\n\t\t<\/div>\n\t<\/article>\n<\/section>\n\n\n<section class=\"anchor\">\n\t<article>\t\n\t\t<a id=\"\"  tabindex=\"-1\"><\/a>\n\t\t<h2>\u00dcbersicht 23 \u2013 Vertiefung: Standardma\u00dfnahmen, Abw\u00e4gung, Regulierungsverwaltungsrecht (Rn. 612)<\/h2>\n\t<\/article>\n<\/section>\n\n\n<section class=\"textblock \">\n\t<article class=\"\">\n\t\t<div>\n\t\t\t<p><a href=\"https:\/\/wissmann-verwr.mohrsiebeck.com\/wp-content\/uploads\/2023\/12\/Ue23F1S.pdf\">Sachverhalt \u00dcbersicht 23 \u00dcbungsfall<\/a><\/p>\n<p><a href=\"https:\/\/wissmann-verwr.mohrsiebeck.com\/wp-content\/uploads\/2023\/12\/Ue23F1L.pdf\">L\u00f6sung \u00dcbersicht 23 \u00dcbungsfall<\/a><\/p>\n\t\t<\/div>\n\t<\/article>\n<\/section>\n\n\n<section class=\"anchor\">\n\t<article>\t\n\t\t<a id=\"\"  tabindex=\"-1\"><\/a>\n\t\t<h2>\u00dcbersicht 24 \u2013 Wandel der Akteursbeziehungen (Rn. 645)<\/h2>\n\t<\/article>\n<\/section>\n\n\n<section class=\"textblock \">\n\t<article class=\"\">\n\t\t<div>\n\t\t\t<p><a href=\"https:\/\/wissmann-verwr.mohrsiebeck.com\/wp-content\/uploads\/2023\/12\/Ue24F1S.pdf\">Sachverhalt \u00dcbersicht 24 \u00dcbungsfall<\/a><\/p>\n<p><a href=\"https:\/\/wissmann-verwr.mohrsiebeck.com\/wp-content\/uploads\/2023\/12\/Ue24F1L.pdf\">L\u00f6sung \u00dcbersicht 24 \u00dcbungsfall<\/a><\/p>\n<p><a href=\"https:\/\/wissmann-verwr.mohrsiebeck.com\/wp-content\/uploads\/2023\/12\/Ue24F2S.pdf\">Sachverhalt \u00dcbersicht 24 Vertiefungsfall<\/a><\/p>\n<p><a href=\"https:\/\/wissmann-verwr.mohrsiebeck.com\/wp-content\/uploads\/2023\/12\/Ue24F2L.pdf\">L\u00f6sung \u00dcbersicht 24 Vertiefungsfall<\/a><\/p>\n\t\t<\/div>\n\t<\/article>\n<\/section>\n","protected":false},"excerpt":{"rendered":"","protected":false},"author":5,"featured_media":0,"parent":0,"menu_order":0,"comment_status":"closed","ping_status":"closed","template":"","meta":{"_acf_changed":false,"footnotes":""},"class_list":["post-551","page","type-page","status-publish","hentry"],"acf":[],"_links":{"self":[{"href":"https:\/\/wissmann-verwr.mohrsiebeck.com\/index.php\/wp-json\/wp\/v2\/pages\/551","targetHints":{"allow":["GET"]}}],"collection":[{"href":"https:\/\/wissmann-verwr.mohrsiebeck.com\/index.php\/wp-json\/wp\/v2\/pages"}],"about":[{"href":"https:\/\/wissmann-verwr.mohrsiebeck.com\/index.php\/wp-json\/wp\/v2\/types\/page"}],"author":[{"embeddable":true,"href":"https:\/\/wissmann-verwr.mohrsiebeck.com\/index.php\/wp-json\/wp\/v2\/users\/5"}],"replies":[{"embeddable":true,"href":"https:\/\/wissmann-verwr.mohrsiebeck.com\/index.php\/wp-json\/wp\/v2\/comments?post=551"}],"version-history":[{"count":50,"href":"https:\/\/wissmann-verwr.mohrsiebeck.com\/index.php\/wp-json\/wp\/v2\/pages\/551\/revisions"}],"predecessor-version":[{"id":1243,"href":"https:\/\/wissmann-verwr.mohrsiebeck.com\/index.php\/wp-json\/wp\/v2\/pages\/551\/revisions\/1243"}],"wp:attachment":[{"href":"https:\/\/wissmann-verwr.mohrsiebeck.com\/index.php\/wp-json\/wp\/v2\/media?parent=551"}],"curies":[{"name":"wp","href":"https:\/\/api.w.org\/{rel}","templated":true}]}}