{"id":30,"date":"2022-02-23T16:18:08","date_gmt":"2022-02-23T15:18:08","guid":{"rendered":"https:\/\/wissmann-verwr.mohrsiebeck.com\/?page_id=30"},"modified":"2023-09-27T07:54:59","modified_gmt":"2023-09-27T05:54:59","slug":"startseite","status":"publish","type":"page","link":"https:\/\/wissmann-verwr.mohrsiebeck.com\/","title":{"rendered":"Hinnerk Wi\u00dfmann, Verwaltungsrecht"},"content":{"rendered":"\t<section class=\"hero-image bg-lightblue\">\n  \t\t<article>\n  \t\t\t\t<div class=\"col-2\">\n            \t\t<h2>Herzlich Willkommen!<\/h2>\n  \t\t\t\t<\/div>\n  \t\t\t\t<div class=\"col-2\">\n\t\t\t\t<img loading=\"lazy\" decoding=\"async\" width=\"355\" height=\"175\" src=\"https:\/\/wissmann-verwr.mohrsiebeck.com\/wp-content\/uploads\/2023\/09\/162617_quer.png\" class=\"attachment-full size-full\" alt=\"Buchabbildung von Hinnerk Wi\u00dfmann, Verwaltungsrecht\" \/>\t\t\t\t<\/div>\n      <\/article>\n  \t<\/section>\n\n\n\n<section class=\"blockquote \">\n\t\t\t\t<article>\n\t\t\t\t\t<div class=\"text-block\">\n\t\t\t\t\t\t<p>Grundlagen, Strukturen und Herausforderungen des Verwaltungsrechts<\/p>\n\t\t\t\t\t<\/div>\n\t\t\t\t  <\/article>\n            <\/section>\n\n\n<section class=\"img-text-col-2\">\n<article>\n\t<div class=\"col-wrap right right-small \">\n\t\t<div class=\"col-2 no-img\">\n            \t\t        <\/div>\n        <div class=\"col-2\">\n            <div class=\"text\">\n              <p>Diese Seite geh\u00f6rt zum Mohr Siebeck Lehrbuch <a href=\"https:\/\/www.mohrsiebeck.com\/buch\/verwaltungsrecht-9783161626173\">\u201eVerwaltungsrecht\u201c<\/a>. Das Buch enth\u00e4lt in jedem Abschnitt neben dem Haupttext \u00dcbersichten mit erg\u00e4nzenden Lesehinweisen und Hinweise zur Fallbearbeitung. Ausf\u00fchrlich zur Arbeit mit dem Buch siehe dort die \u00dcbersicht 1 \u2013 Vorwort S. VII f. \u2013 Sie finden hier Materialien in Form von F\u00e4llen und L\u00f6sungen zur Arbeit mit dem Lehrbuch und Vertiefung des Pr\u00fcfungsstoffs. Viele der Aufgaben beruhen auf \u201eechten\u201c Pr\u00fcfungsf\u00e4llen, andere wurden f\u00fcr dieses Buch ganz neu entwickelt.<\/p>\n<p>Die Sachverhalte sind bereits im Lehrbuch selbst abgedruckt. Zur Vertiefung und Pr\u00fcfungsvorbereitung bietet die Website vollst\u00e4ndige Musterl\u00f6sungen sowie weiteres \u00dcbungs- und Arbeitsmaterial.<\/p>\n<p>In allen Dokumenten wird auf die zugeh\u00f6rigen Abschnitte im Lehrbuch verwiesen, die der Vorbereitung und Nachbereitung dienen \u2013 denn das Verst\u00e4ndnis der Sache ist nat\u00fcrlich die Grundlage f\u00fcr eine gelungene Bearbeitung von Aufgabenstellungen. Sie finden zu den einzelnen Themen im Lehrbuch jeweils neben dem eigentlichen Haupttext in den \u00dcbersichten auch weitere Literaturhinweise.<\/p>\n<p>Die Materialien werden etappenweise bereitgestellt und regelm\u00e4\u00dfig aktualisiert.<\/p>\n<p><strong>Autor:<\/strong> Hinnerk Wi\u00dfmann<\/p>\n            <\/div>\n\t\t\t\t\t\t<div class=\"btn-basket bg-blue\">\n\t\t\t\t<a href=\"https:\/\/www.mohrsiebeck.com\/buch\/verwaltungsrecht-9783161626173\" target=\"_blank\">Buch kaufen \n\t\t\t\t\t<svg viewBox=\"0 0 30 28\" version=\"1.1\" xmlns=\"http:\/\/www.w3.org\/2000\/svg\" xmlns:xlink=\"http:\/\/www.w3.org\/1999\/xlink\">\n    <g id=\"icon-warenkorb\" stroke=\"none\" stroke-width=\"1\" fill=\"none\" fill-rule=\"evenodd\">\n        <g id=\"warenkorb\" fill=\"#FFFFFF\">\n            <g id=\"WK_Symbol\" transform=\"translate(0.000000, 1.000000)\">\n                <g id=\"Ebene_2\">\n                    <path d=\"M25.699,18.446 L9.29,18.446 C9.017,18.446 8.782,18.251 8.732,17.981 L5.955,2.919 L1.187,1.141 C0.893,1.031 0.744,0.705 0.854,0.411 C0.963,0.118 1.29,-0.031 1.583,0.078 L6.652,1.969 C6.839,2.039 6.975,2.201 7.011,2.397 L9.761,17.312 L25.265,17.312 L28.236,6.417 L11.093,6.417 C10.78,6.417 10.526,6.163 10.526,5.85 C10.526,5.537 10.78,5.283 11.093,5.283 L28.979,5.283 C29.156,5.283 29.323,5.366 29.429,5.506 C29.536,5.647 29.573,5.829 29.526,5.999 L26.246,18.028 C26.179,18.274 25.955,18.446 25.699,18.446 Z\" id=\"Path\"><\/path>\n                    <path d=\"M13.149,26.841 C11.203,26.841 9.62,25.257 9.62,23.311 C9.62,21.366 11.203,19.783 13.149,19.783 C15.095,19.783 16.679,21.366 16.679,23.311 C16.679,25.257 15.095,26.841 13.149,26.841 Z M13.149,20.917 C11.828,20.917 10.753,21.99 10.753,23.311 C10.753,24.632 11.828,25.707 13.149,25.707 C14.47,25.707 15.545,24.633 15.545,23.311 C15.544,21.99 14.47,20.917 13.149,20.917 Z\" id=\"Shape\" fill-rule=\"nonzero\"><\/path>\n                    <path d=\"M22.387,26.841 C20.441,26.841 18.858,25.257 18.858,23.311 C18.858,21.366 20.441,19.783 22.387,19.783 C24.332,19.783 25.915,21.366 25.915,23.311 C25.915,25.257 24.332,26.841 22.387,26.841 Z M22.387,20.917 C21.067,20.917 19.992,21.99 19.992,23.311 C19.992,24.632 21.066,25.707 22.387,25.707 C23.708,25.707 24.781,24.633 24.781,23.311 C24.78,21.99 23.707,20.917 22.387,20.917 Z\" id=\"Shape\" fill-rule=\"nonzero\"><\/path>\n                <\/g>\n            <\/g>\n        <\/g>\n    <\/g>\n<\/svg><\/a>\n\t\t\t<\/div>\n\t\t\t        <\/div>\n    <\/div>\n  <\/article>\n<\/section>\n\n\n<section class=\"textblock \">\n\t<article class=\"bg-lightblue\">\n\t\t<div>\n\t\t\t<p style=\"text-align: left\">Wir freuen uns \u00fcber R\u00fcckmeldungen und Hinweise!<br \/>\n<a href=\"mailto:kwi@uni-muenster.de\">Nehmen Sie mit uns Kontakt auf.<\/a><\/p>\n\t\t<\/div>\n\t<\/article>\n<\/section>\n","protected":false},"excerpt":{"rendered":"","protected":false},"author":2,"featured_media":0,"parent":0,"menu_order":0,"comment_status":"closed","ping_status":"closed","template":"start.php","meta":{"_acf_changed":false,"footnotes":""},"class_list":["post-30","page","type-page","status-publish","hentry"],"acf":[],"_links":{"self":[{"href":"https:\/\/wissmann-verwr.mohrsiebeck.com\/index.php\/wp-json\/wp\/v2\/pages\/30","targetHints":{"allow":["GET"]}}],"collection":[{"href":"https:\/\/wissmann-verwr.mohrsiebeck.com\/index.php\/wp-json\/wp\/v2\/pages"}],"about":[{"href":"https:\/\/wissmann-verwr.mohrsiebeck.com\/index.php\/wp-json\/wp\/v2\/types\/page"}],"author":[{"embeddable":true,"href":"https:\/\/wissmann-verwr.mohrsiebeck.com\/index.php\/wp-json\/wp\/v2\/users\/2"}],"replies":[{"embeddable":true,"href":"https:\/\/wissmann-verwr.mohrsiebeck.com\/index.php\/wp-json\/wp\/v2\/comments?post=30"}],"version-history":[{"count":91,"href":"https:\/\/wissmann-verwr.mohrsiebeck.com\/index.php\/wp-json\/wp\/v2\/pages\/30\/revisions"}],"predecessor-version":[{"id":1083,"href":"https:\/\/wissmann-verwr.mohrsiebeck.com\/index.php\/wp-json\/wp\/v2\/pages\/30\/revisions\/1083"}],"wp:attachment":[{"href":"https:\/\/wissmann-verwr.mohrsiebeck.com\/index.php\/wp-json\/wp\/v2\/media?parent=30"}],"curies":[{"name":"wp","href":"https:\/\/api.w.org\/{rel}","templated":true}]}}